{"id":856,"date":"2025-02-28T17:36:51","date_gmt":"2025-02-28T16:36:51","guid":{"rendered":"https:\/\/najp.ch\/?post_type=product&#038;p=856"},"modified":"2025-10-30T11:13:48","modified_gmt":"2025-10-30T10:13:48","slug":"ronins-souvenir-n_-21","status":"publish","type":"product","link":"https:\/\/najp.ch\/?product=ronins-souvenir-n_-21","title":{"rendered":"R\u014dnins Souvenir N\u00b0_\/21"},"content":{"rendered":"<p>Micro s\u00e9rie de 21 exemplaires pour ceux qui accordent de l\u2019importance \u00e0 la vie priv\u00e9e.<\/p>\n<p>R\u00e9alis\u00e9 \u00e0 la feuille d\u2019or et \u00e0 la feuille d\u2019aluminium rouge, inspir\u00e9 du design de Samourai Wallet.<\/p>\n<p>Le billet est enti\u00e8rement recouvert, dissimulant toute information sur la transaction qui s\u2019op\u00e8re dessous.<\/p>\n<p>Num\u00e9rotation et signature au dos.<\/p>\n","protected":false},"excerpt":{"rendered":"<p>Priv\u00e9s de ma\u00eetre, nous sommes devenus des R\u014dnins.<\/p>\n","protected":false},"featured_media":859,"template":"","meta":{"neve_meta_sidebar":"","neve_meta_container":"","neve_meta_enable_content_width":"off","neve_meta_content_width":100,"neve_meta_title_alignment":"","neve_meta_author_avatar":"","neve_post_elements_order":"","neve_meta_disable_header":"","neve_meta_disable_footer":"","neve_meta_disable_title":"","_themeisle_gutenberg_block_has_review":false},"product_brand":[],"product_cat":[47],"product_tag":[],"class_list":{"0":"post-856","1":"product","2":"type-product","3":"status-publish","4":"has-post-thumbnail","6":"product_cat-missed","7":"product_shipping_class-reco","9":"first","10":"outofstock","11":"shipping-taxable","12":"purchasable","13":"product-type-simple"},"_links":{"self":[{"href":"https:\/\/najp.ch\/index.php?rest_route=\/wp\/v2\/product\/856","targetHints":{"allow":["GET"]}}],"collection":[{"href":"https:\/\/najp.ch\/index.php?rest_route=\/wp\/v2\/product"}],"about":[{"href":"https:\/\/najp.ch\/index.php?rest_route=\/wp\/v2\/types\/product"}],"wp:featuredmedia":[{"embeddable":true,"href":"https:\/\/najp.ch\/index.php?rest_route=\/wp\/v2\/media\/859"}],"wp:attachment":[{"href":"https:\/\/najp.ch\/index.php?rest_route=%2Fwp%2Fv2%2Fmedia&parent=856"}],"wp:term":[{"taxonomy":"product_brand","embeddable":true,"href":"https:\/\/najp.ch\/index.php?rest_route=%2Fwp%2Fv2%2Fproduct_brand&post=856"},{"taxonomy":"product_cat","embeddable":true,"href":"https:\/\/najp.ch\/index.php?rest_route=%2Fwp%2Fv2%2Fproduct_cat&post=856"},{"taxonomy":"product_tag","embeddable":true,"href":"https:\/\/najp.ch\/index.php?rest_route=%2Fwp%2Fv2%2Fproduct_tag&post=856"}],"curies":[{"name":"wp","href":"https:\/\/api.w.org\/{rel}","templated":true}]}}