{"id":836,"date":"2025-02-13T21:06:33","date_gmt":"2025-02-13T20:06:33","guid":{"rendered":"https:\/\/najp.ch\/?post_type=product&#038;p=836"},"modified":"2025-07-19T16:16:11","modified_gmt":"2025-07-19T14:16:11","slug":"bsociety-masterpiece","status":"publish","type":"product","link":"https:\/\/najp.ch\/?product=bsociety-masterpiece","title":{"rendered":"BSOCIETY &#8211; Masterpiece"},"content":{"rendered":"<p data-start=\"51\" data-end=\"164\"><strong data-start=\"51\" data-end=\"162\">Inspir\u00e9 de la s\u00e9rie <em data-start=\"73\" data-end=\"84\">Mr. Robot<\/em>, elle-m\u00eame ancr\u00e9e dans l\u2019h\u00e9ritage des Anonymous et du mouvement Cypherpunk.<\/strong><\/p>\n<p data-start=\"166\" data-end=\"395\">Cette \u0153uvre en acrylique prend vie sur un collage int\u00e9gral du <em data-start=\"228\" data-end=\"241\">White Paper<\/em> de Bitcoin, fusionnant code et r\u00e9bellion dans une pi\u00e8ce unique.<\/p>\n<p data-start=\"397\" data-end=\"501\" data-is-last-node=\"\">Pr\u00e9sent\u00e9e dans un cadre flottant en aluminium noir mat, elle impose sa pr\u00e9sence avec force et subtilit\u00e9.<\/p>\n","protected":false},"excerpt":{"rendered":"<p><strong>B<\/strong><s>ITCOIN<\/s> <strong>SOCIETY\u00a0<\/strong>, entre Code et R\u00e9bellion<\/p>\n<p><em>Prochainement en exclusivit\u00e9 chez <a href=\"https:\/\/btc4art.com\/art-shop\/?pa_artist=najp&amp;price=price-all&amp;auction=all\">BTC4ART<\/a><\/em><\/p>\n","protected":false},"featured_media":837,"template":"","meta":{"neve_meta_sidebar":"","neve_meta_container":"","neve_meta_enable_content_width":"off","neve_meta_content_width":100,"neve_meta_title_alignment":"","neve_meta_author_avatar":"","neve_post_elements_order":"","neve_meta_disable_header":"","neve_meta_disable_footer":"","neve_meta_disable_title":"","_themeisle_gutenberg_block_has_review":false},"product_brand":[],"product_cat":[47],"product_tag":[],"class_list":{"0":"post-836","1":"product","2":"type-product","3":"status-publish","4":"has-post-thumbnail","6":"product_cat-missed","7":"product_shipping_class-plm","9":"first","10":"outofstock","11":"purchasable","12":"product-type-simple"},"_links":{"self":[{"href":"https:\/\/najp.ch\/index.php?rest_route=\/wp\/v2\/product\/836","targetHints":{"allow":["GET"]}}],"collection":[{"href":"https:\/\/najp.ch\/index.php?rest_route=\/wp\/v2\/product"}],"about":[{"href":"https:\/\/najp.ch\/index.php?rest_route=\/wp\/v2\/types\/product"}],"wp:featuredmedia":[{"embeddable":true,"href":"https:\/\/najp.ch\/index.php?rest_route=\/wp\/v2\/media\/837"}],"wp:attachment":[{"href":"https:\/\/najp.ch\/index.php?rest_route=%2Fwp%2Fv2%2Fmedia&parent=836"}],"wp:term":[{"taxonomy":"product_brand","embeddable":true,"href":"https:\/\/najp.ch\/index.php?rest_route=%2Fwp%2Fv2%2Fproduct_brand&post=836"},{"taxonomy":"product_cat","embeddable":true,"href":"https:\/\/najp.ch\/index.php?rest_route=%2Fwp%2Fv2%2Fproduct_cat&post=836"},{"taxonomy":"product_tag","embeddable":true,"href":"https:\/\/najp.ch\/index.php?rest_route=%2Fwp%2Fv2%2Fproduct_tag&post=836"}],"curies":[{"name":"wp","href":"https:\/\/api.w.org\/{rel}","templated":true}]}}