{"id":815,"date":"2025-01-23T17:37:29","date_gmt":"2025-01-23T16:37:29","guid":{"rendered":"https:\/\/najp.ch\/?post_type=product&#038;p=815"},"modified":"2025-04-30T08:49:39","modified_gmt":"2025-04-30T06:49:39","slug":"shredded-fiat-pill","status":"publish","type":"product","link":"https:\/\/najp.ch\/?product=shredded-fiat-pill","title":{"rendered":"Pack Shredded FIAT Pill (x5)"},"content":{"rendered":"<p>Vous avez utilis\u00e9 r\u00e9cemment trop de monnaies FIAT ? Un rappel s\u2019impose.<\/p>\n<p>Les g\u00e9lules, faites \u00e0 la main, contiennent des fragments de dollars retir\u00e9s de la circulation et soigneusement d\u00e9chir\u00e9s.<\/p>\n<p>Une petite \u0153uvre d\u2019art ironique qui trouvera sa place sur une \u00e9tag\u00e8re.<\/p>\n<p>5 sachets par pack.<\/p>\n<p>Vous retrouverez \u00e0 l&#8217;int\u00e9rieur de ce sachet:<\/p>\n<ul>\n<li>La pilule<\/li>\n<li>Des lamelles de Dollar US<\/li>\n<li>Un stickers Bitcoin<\/li>\n<li>Ma carte de visite.<\/li>\n<\/ul>\n<p>&nbsp;<\/p>\n<p><em>Ne pas avaler , s\u00e9rieusement&#8230;<\/em><\/p>\n","protected":false},"excerpt":{"rendered":"<p>Vaccination Rapide contre les monnaies FIAT<\/p>\n","protected":false},"featured_media":816,"template":"","meta":{"neve_meta_sidebar":"","neve_meta_container":"","neve_meta_enable_content_width":"off","neve_meta_content_width":100,"neve_meta_title_alignment":"","neve_meta_author_avatar":"","neve_post_elements_order":"","neve_meta_disable_header":"","neve_meta_disable_footer":"","neve_meta_disable_title":"","_themeisle_gutenberg_block_has_review":false},"product_brand":[],"product_cat":[47],"product_tag":[],"class_list":{"0":"post-815","1":"product","2":"type-product","3":"status-publish","4":"has-post-thumbnail","6":"product_cat-missed","8":"first","9":"outofstock","10":"purchasable","11":"product-type-simple"},"_links":{"self":[{"href":"https:\/\/najp.ch\/index.php?rest_route=\/wp\/v2\/product\/815","targetHints":{"allow":["GET"]}}],"collection":[{"href":"https:\/\/najp.ch\/index.php?rest_route=\/wp\/v2\/product"}],"about":[{"href":"https:\/\/najp.ch\/index.php?rest_route=\/wp\/v2\/types\/product"}],"wp:featuredmedia":[{"embeddable":true,"href":"https:\/\/najp.ch\/index.php?rest_route=\/wp\/v2\/media\/816"}],"wp:attachment":[{"href":"https:\/\/najp.ch\/index.php?rest_route=%2Fwp%2Fv2%2Fmedia&parent=815"}],"wp:term":[{"taxonomy":"product_brand","embeddable":true,"href":"https:\/\/najp.ch\/index.php?rest_route=%2Fwp%2Fv2%2Fproduct_brand&post=815"},{"taxonomy":"product_cat","embeddable":true,"href":"https:\/\/najp.ch\/index.php?rest_route=%2Fwp%2Fv2%2Fproduct_cat&post=815"},{"taxonomy":"product_tag","embeddable":true,"href":"https:\/\/najp.ch\/index.php?rest_route=%2Fwp%2Fv2%2Fproduct_tag&post=815"}],"curies":[{"name":"wp","href":"https:\/\/api.w.org\/{rel}","templated":true}]}}