{"id":682,"date":"2024-08-25T22:29:29","date_gmt":"2024-08-25T20:29:29","guid":{"rendered":"https:\/\/najp.ch\/?post_type=product&#038;p=682"},"modified":"2025-07-19T16:04:53","modified_gmt":"2025-07-19T14:04:53","slug":"bitcoin-pop-art-n7","status":"publish","type":"product","link":"https:\/\/najp.ch\/?product=bitcoin-pop-art-n7","title":{"rendered":"Bitcoin Pop Art N\u00b07"},"content":{"rendered":"<p>Une \u00e9dition pop Art inspir\u00e9 d&#8217;Andy Warhol r\u00e9alis\u00e9 avec une superposition de feuilles cartonn\u00e9es. Chaque tableau est un m\u00e9lange al\u00e9atoire des couleurs entre le fond le cercle et le B sur une palette de plusieurs couleurs. Cela donne 3^14 combinaisons possibles, les tableaux peuvent donc avoir l&#8217;air similaire mais pourtant ils sont bien tous diff\u00e9rents. Les tableaux sont pr\u00e9sent\u00e9s de mani\u00e8re horizontale ou vertical selon les envies du jour de la r\u00e9alisation.<\/p>\n","protected":false},"excerpt":{"rendered":"<p>Une \u00e9dition pop Art inspir\u00e9 d&#8217;Andy Warhol.<\/p>\n","protected":false},"featured_media":683,"template":"","meta":{"neve_meta_sidebar":"","neve_meta_container":"","neve_meta_enable_content_width":"off","neve_meta_content_width":100,"neve_meta_title_alignment":"","neve_meta_author_avatar":"","neve_post_elements_order":"","neve_meta_disable_header":"","neve_meta_disable_footer":"","neve_meta_disable_title":"","_themeisle_gutenberg_block_has_review":false},"product_brand":[],"product_cat":[47],"product_tag":[],"class_list":{"0":"post-682","1":"product","2":"type-product","3":"status-publish","4":"has-post-thumbnail","6":"product_cat-missed","7":"product_shipping_class-pl","9":"first","10":"outofstock","11":"shipping-taxable","12":"purchasable","13":"product-type-simple"},"_links":{"self":[{"href":"https:\/\/najp.ch\/index.php?rest_route=\/wp\/v2\/product\/682","targetHints":{"allow":["GET"]}}],"collection":[{"href":"https:\/\/najp.ch\/index.php?rest_route=\/wp\/v2\/product"}],"about":[{"href":"https:\/\/najp.ch\/index.php?rest_route=\/wp\/v2\/types\/product"}],"wp:featuredmedia":[{"embeddable":true,"href":"https:\/\/najp.ch\/index.php?rest_route=\/wp\/v2\/media\/683"}],"wp:attachment":[{"href":"https:\/\/najp.ch\/index.php?rest_route=%2Fwp%2Fv2%2Fmedia&parent=682"}],"wp:term":[{"taxonomy":"product_brand","embeddable":true,"href":"https:\/\/najp.ch\/index.php?rest_route=%2Fwp%2Fv2%2Fproduct_brand&post=682"},{"taxonomy":"product_cat","embeddable":true,"href":"https:\/\/najp.ch\/index.php?rest_route=%2Fwp%2Fv2%2Fproduct_cat&post=682"},{"taxonomy":"product_tag","embeddable":true,"href":"https:\/\/najp.ch\/index.php?rest_route=%2Fwp%2Fv2%2Fproduct_tag&post=682"}],"curies":[{"name":"wp","href":"https:\/\/api.w.org\/{rel}","templated":true}]}}