{"id":676,"date":"2024-08-22T21:22:37","date_gmt":"2024-08-22T19:22:37","guid":{"rendered":"https:\/\/najp.ch\/?post_type=product&#038;p=676"},"modified":"2025-07-19T16:05:02","modified_gmt":"2025-07-19T14:05:02","slug":"washington-laser-eyes-souvenir-n_-21","status":"publish","type":"product","link":"https:\/\/najp.ch\/?product=washington-laser-eyes-souvenir-n_-21","title":{"rendered":"Washington Laser Eyes Souvenir N\u00b0_\/21"},"content":{"rendered":"<p>Micro s\u00e9rie de 21 exemplaires du Pr\u00e9sident George Washington qui attend impatiemment de voir Bitcoin \u00e0 100 000 $<\/p>\n","protected":false},"excerpt":{"rendered":"<p>Un rappel \u00e0 mettre au coin du bureau.<\/p>\n","protected":false},"featured_media":677,"template":"","meta":{"neve_meta_sidebar":"","neve_meta_container":"","neve_meta_enable_content_width":"off","neve_meta_content_width":100,"neve_meta_title_alignment":"","neve_meta_author_avatar":"","neve_post_elements_order":"","neve_meta_disable_header":"","neve_meta_disable_footer":"","neve_meta_disable_title":"","_themeisle_gutenberg_block_has_review":false},"product_brand":[],"product_cat":[47],"product_tag":[],"class_list":{"0":"post-676","1":"product","2":"type-product","3":"status-publish","4":"has-post-thumbnail","6":"product_cat-missed","7":"product_shipping_class-reco","9":"first","10":"outofstock","11":"shipping-taxable","12":"purchasable","13":"product-type-simple"},"_links":{"self":[{"href":"https:\/\/najp.ch\/index.php?rest_route=\/wp\/v2\/product\/676","targetHints":{"allow":["GET"]}}],"collection":[{"href":"https:\/\/najp.ch\/index.php?rest_route=\/wp\/v2\/product"}],"about":[{"href":"https:\/\/najp.ch\/index.php?rest_route=\/wp\/v2\/types\/product"}],"wp:featuredmedia":[{"embeddable":true,"href":"https:\/\/najp.ch\/index.php?rest_route=\/wp\/v2\/media\/677"}],"wp:attachment":[{"href":"https:\/\/najp.ch\/index.php?rest_route=%2Fwp%2Fv2%2Fmedia&parent=676"}],"wp:term":[{"taxonomy":"product_brand","embeddable":true,"href":"https:\/\/najp.ch\/index.php?rest_route=%2Fwp%2Fv2%2Fproduct_brand&post=676"},{"taxonomy":"product_cat","embeddable":true,"href":"https:\/\/najp.ch\/index.php?rest_route=%2Fwp%2Fv2%2Fproduct_cat&post=676"},{"taxonomy":"product_tag","embeddable":true,"href":"https:\/\/najp.ch\/index.php?rest_route=%2Fwp%2Fv2%2Fproduct_tag&post=676"}],"curies":[{"name":"wp","href":"https:\/\/api.w.org\/{rel}","templated":true}]}}