{"id":896,"date":"2025-05-19T14:46:48","date_gmt":"2025-05-19T12:46:48","guid":{"rendered":"https:\/\/najp.ch\/?page_id=896"},"modified":"2025-07-19T15:45:08","modified_gmt":"2025-07-19T13:45:08","slug":"najp","status":"publish","type":"page","link":"https:\/\/najp.ch\/?page_id=896","title":{"rendered":"NAJP"},"content":{"rendered":"\n<div class=\"wp-block-columns is-layout-flex wp-container-core-columns-is-layout-9d6595d7 wp-block-columns-is-layout-flex\">\n<div class=\"wp-block-column is-layout-flow wp-block-column-is-layout-flow\" style=\"flex-basis:33.33%\"><figure class=\"wp-block-post-featured-image\"><img loading=\"lazy\" decoding=\"async\" width=\"470\" height=\"760\" src=\"https:\/\/najp.ch\/wp-content\/uploads\/2025\/05\/sbc25_day3_conference_522-683x1024-1-e1752932672968.jpg\" class=\"attachment-post-thumbnail size-post-thumbnail wp-post-image\" alt=\"Bitcoin Artist NAJP\" style=\"object-fit:cover;\" srcset=\"https:\/\/najp.ch\/wp-content\/uploads\/2025\/05\/sbc25_day3_conference_522-683x1024-1-e1752932672968.jpg 470w, https:\/\/najp.ch\/wp-content\/uploads\/2025\/05\/sbc25_day3_conference_522-683x1024-1-e1752932672968-186x300.jpg 186w\" sizes=\"auto, (max-width: 470px) 100vw, 470px\" \/><\/figure><\/div>\n\n\n\n<div class=\"wp-block-column is-vertically-aligned-top is-layout-flow wp-block-column-is-layout-flow\" style=\"flex-basis:66.66%\">\n<h2 class=\"wp-block-heading\">For the worldwide<\/h2>\n\n\n\n<p>A self-taught plastic artist, NAJP fell down the rabbit hole a long time ago. The more he understands about Bitcoin, the less he understands about currencies. The artist denounces this through his works by attacking representations of the Fiat system.<\/p>\n\n\n\n<p>Most of the works are made with US Dollars, the symbol of this system. In opposition to what, for him, is now just paper, NAJP restores this value by affixing gold leaf to reveal Bitcoin and its promise.<\/p>\n\n\n\n<p>Highlighting these two opposites is the vision and message delivered by the artist through his work. Although Maximalist in appearance, NAJP remains open-minded, and the same goes for his art, which expands in different techniques, forms and representations as it evolves.<\/p>\n\n\n\n<hr class=\"wp-block-separator aligncenter has-alpha-channel-opacity\"\/>\n\n\n\n<h2 class=\"wp-block-heading\">Pour les Francophones<\/h2>\n\n\n\n<p>Artiste plasticien autodidacte, NAJP est tomb\u00e9 dans le terrier du lapin depuis longtemps. Plus il comprend Bitcoin, moins il comprend les monnaies. L\u2019artiste d\u00e9nonce cela au travers de ses \u0153uvres en s&#8217;attaquant aux repr\u00e9sentations du syst\u00e8me Fiat.<\/p>\n\n\n\n<p>L\u2019essentiel des \u0153uvres sont r\u00e9alis\u00e9s avec des Dollars US, symbole ce syst\u00e8me. En opposition \u00e0 ce qui pour lui, n&#8217;est d\u00e9sormais que du papier, NAJP restaure cette valeur en apposant de la feuille d&#8217;or pour r\u00e9v\u00e9ler Bitcoin et sa promesse.<\/p>\n\n\n\n<p>La mise en exergue de ces deux oppos\u00e9s sont la vision et le message d\u00e9livr\u00e9 par l\u2019artiste au travers de ses \u0153uvres. Bien que Maximalist d\u2019apparence, NAJP reste ouvert et cela va de m\u00eame pour son art qui s&#8217;\u00e9tend sous diff\u00e9rentes techniques, formes et repr\u00e9sentations au fils de sa propre \u00e9volution.<\/p>\n<\/div>\n<\/div>\n","protected":false},"excerpt":{"rendered":"<p>For the worldwide A self-taught plastic artist, NAJP fell down the rabbit hole a long time ago. The more he understands about Bitcoin, the less he understands about currencies. The artist denounces this through his works by attacking representations of the Fiat system. Most of the works are made with US Dollars, the symbol of&hellip;&nbsp;<a href=\"https:\/\/najp.ch\/?page_id=896\" rel=\"bookmark\">Read More &raquo;<span class=\"screen-reader-text\">NAJP<\/span><\/a><\/p>\n","protected":false},"author":1,"featured_media":901,"parent":0,"menu_order":0,"comment_status":"closed","ping_status":"closed","template":"page-templates\/template-pagebuilder-full-width.php","meta":{"neve_meta_sidebar":"","neve_meta_container":"full-width","neve_meta_enable_content_width":"on","neve_meta_content_width":70,"neve_meta_title_alignment":"","neve_meta_author_avatar":"","neve_post_elements_order":"","neve_meta_disable_header":"","neve_meta_disable_footer":"","neve_meta_disable_title":"","_themeisle_gutenberg_block_has_review":false,"footnotes":""},"class_list":["post-896","page","type-page","status-publish","has-post-thumbnail","hentry"],"_links":{"self":[{"href":"https:\/\/najp.ch\/index.php?rest_route=\/wp\/v2\/pages\/896","targetHints":{"allow":["GET"]}}],"collection":[{"href":"https:\/\/najp.ch\/index.php?rest_route=\/wp\/v2\/pages"}],"about":[{"href":"https:\/\/najp.ch\/index.php?rest_route=\/wp\/v2\/types\/page"}],"author":[{"embeddable":true,"href":"https:\/\/najp.ch\/index.php?rest_route=\/wp\/v2\/users\/1"}],"replies":[{"embeddable":true,"href":"https:\/\/najp.ch\/index.php?rest_route=%2Fwp%2Fv2%2Fcomments&post=896"}],"version-history":[{"count":0,"href":"https:\/\/najp.ch\/index.php?rest_route=\/wp\/v2\/pages\/896\/revisions"}],"wp:featuredmedia":[{"embeddable":true,"href":"https:\/\/najp.ch\/index.php?rest_route=\/wp\/v2\/media\/901"}],"wp:attachment":[{"href":"https:\/\/najp.ch\/index.php?rest_route=%2Fwp%2Fv2%2Fmedia&parent=896"}],"curies":[{"name":"wp","href":"https:\/\/api.w.org\/{rel}","templated":true}]}}